{"id":14,"date":"2013-06-25T16:06:37","date_gmt":"2013-06-25T14:06:37","guid":{"rendered":"http:\/\/abenteuer-siedeln.de\/blog\/?page_id=14"},"modified":"2025-05-10T14:05:19","modified_gmt":"2025-05-10T12:05:19","slug":"anmeldung","status":"publish","type":"page","link":"https:\/\/abenteuer-siedeln.de\/blog\/anmeldung\/","title":{"rendered":"Anmeldung 2025"},"content":{"rendered":"<p><strong><a href=\"https:\/\/www.brk-wettbewerbe.de\/?action=view&amp;id=196\" target=\"_blank\" rel=\"noopener\">Link zur Online-Anmeldung<\/a><\/strong><\/p>\n<p>Endg\u00fcltiger Anmeldeschluss ist der 11. Mai 2025<\/p>\n<p>Betreuer- und Teilnehmerausschreibung gingen bereits in Form von E-Mail und Flyern (direkt oder per Hauspost) zu euren Jugendleitungen und Gruppenleitern.<\/p>\n<p><strong>Wichtige Info zum Flyer und Anmeldeformular f\u00fcr Teilnehmer:<\/strong><\/p>\n<p>Liebe Gruppenleiter,<\/p>\n<p>ihr k\u00f6nnt hier den Flyer herunterladen, ausdrucken und vervielf\u00e4ltigen.<\/p>\n<p><strong>Dieses Jahr NEU:<\/strong><\/p>\n<p>Auf dem Flyer ist nicht mehr wie bisher ein Abschnitt mit der Anmeldung f\u00fcr die Teilnehmer. Es gibt nun eine extra Dokument. Wie bereits in den letzten Jahren fehlen auf der Anmeldung noch die Teilnehmerbeitr\u00e4ge, diese k\u00f6nnt ihr individuell anpassen und eintragen, je nach Zuschuss von OG, KWW, KJR, bzw. SJR. Bitte das Verh\u00e4ltnis der Betr\u00e4ge so belassen und jeweils entsprechend dem Zuschuss anpassen. Das gilt auch f\u00fcr den T-Shirt Preis, falls ihr diesen Bezuschussen m\u00f6chtet.<\/p>\n<p>Au\u00dferdem ist das R\u00fccklaufdatum noch nicht ausgef\u00fcllt, da ihr ja die Anmeldungen vor dem <span id=\"decorator-corrected-entity-id-54\" data-entity-key=\"54\" data-offset-key=\"652p7-3-0\"><span data-offset-key=\"652p7-3-0\">offiziellen<\/span><\/span> Anmeldeschluss zur\u00fcckhaben m\u00f6chtet.<\/p>\n<p>Von der Anmeldung gibt es verschiedene Versionen:<\/p>\n<ul>\n<li>ein <strong><a href=\"https:\/\/abenteuer-siedeln.de\/blog\/wp-content\/uploads\/2025\/01\/AS_Anmeldung-2025_Formular.docx\" target=\"_blank\" rel=\"noopener\">Word-Formular<\/a><\/strong>, dieses k\u00f6nnt ihr vorausf\u00fcllen (siehe oben) und digital an die Teilnehmer*innen\/Eltern verteilen<\/li>\n<li>eine <strong><a href=\"https:\/\/abenteuer-siedeln.de\/blog\/wp-content\/uploads\/2025\/01\/AS_Anmeldung-2025_Druckdatei.docx\" target=\"_blank\" rel=\"noopener\">Word-Druckdatei<\/a><\/strong>, diese k\u00f6nnt ihr digital vorausf\u00fcllen (siehe oben), drucken und an die Teilnehmer*innen\/Eltern verteilen<\/li>\n<li>eine <strong><a href=\"https:\/\/abenteuer-siedeln.de\/blog\/wp-content\/uploads\/2025\/01\/AS_Anmeldung-2025_Druckdatei.pdf\" target=\"_blank\" rel=\"noopener\">PDF-Druckdatei<\/a><\/strong>, diese k\u00f6nnt ihr drucken, vorausf\u00fcllen (siehe oben) und an die Teilnehmer*innen\/Eltern verteilen<\/li>\n<\/ul>\n<p>Anmeldungen auf der Webseite k\u00f6nnen nur von einem Gruppenleiter gemacht werden!<\/p>\n<p><strong>Falls ihr per Post keine oder nicht gen\u00fcgend Flyer f\u00fcr eure Gruppe erhalten habt, k\u00f6nnt ihr hier nachbestellen: <a href=\"mailto:info@abenteuer-siedeln.de\">info@abenteuer-siedeln.de<\/a><\/strong><\/p>\n<p><strong>Downloads:<\/strong><\/p>\n<p><a href=\"https:\/\/abenteuer-siedeln.de\/blog\/wp-content\/uploads\/2025\/01\/AS_Anschreiben-2025.pdf\" target=\"_blank\" rel=\"noopener\">Anschreiben Abenteuer Siedeln 2025 f\u00fcr Betreuer<\/a> (PDF)<\/p>\n<p><a href=\"https:\/\/abenteuer-siedeln.de\/blog\/wp-content\/uploads\/2025\/01\/ASIE_Flyer_2025.pdf\" target=\"_blank\" rel=\"noopener\">Flyer Abenteuer Siedeln 2025 f\u00fcr Teilnehmer<\/a> (PDF)<\/p>\n<p>Anmeldung f\u00fcr Teilnehmer:<\/p>\n<ul>\n<li><a href=\"https:\/\/abenteuer-siedeln.de\/blog\/wp-content\/uploads\/2025\/01\/AS_Anmeldung-2025_Formular.docx\" target=\"_blank\" rel=\"noopener\">Word-Formular<\/a><\/li>\n<li><a href=\"https:\/\/abenteuer-siedeln.de\/blog\/wp-content\/uploads\/2025\/01\/AS_Anmeldung-2025_Druckdatei.docx\" target=\"_blank\" rel=\"noopener\">Word-Druckdatei<\/a><\/li>\n<li><a href=\"https:\/\/abenteuer-siedeln.de\/blog\/wp-content\/uploads\/2025\/01\/AS_Anmeldung-2025_Druckdatei.pdf\" target=\"_blank\" rel=\"noopener\">PDF-Druckdatei<\/a><\/li>\n<\/ul>\n<p><!--<a href=\"http:\/\/abenteuer-siedeln.de\/blog\/wp-content\/uploads\/2018\/05\/anfahrtsbeschreibung-2018.pdf\">Anfahrtsbeschreibung<\/a>&nbsp;(PDF)\n\n2018_05_01_Einladungsanschreiben Betreuer Abenteuer Siedeln 2018&nbsp;(PDF)\n\n--><\/p>\n<hr \/>\n<p><a href=\"http:\/\/abenteuer-siedeln.de\/blog\/wp-content\/uploads\/2018\/05\/Verhaltenskodex-zur-Gewaltpra_vention.pdf\">Verhaltenskodex zur Gewaltpr\u00e4vention<\/a>\u00a0(PDF)<\/p>\n<p><a href=\"http:\/\/abenteuer-siedeln.de\/blog\/wp-content\/uploads\/2018\/05\/Selbstverpflichtung-zum-verantwortlichen-Umgang-mit-Alkohol-bei-Veranstaltungen-des-JRK-der-WWJ-v1.3.pdf\">Selbstverpflichtung zum verantwortlichen Umgang mit Alkohol bei Veranstaltungen des JRK-der WWJ v1.3<\/a>\u00a0(PDF)<\/p>\n<p><a href=\"http:\/\/abenteuer-siedeln.de\/blog\/wp-content\/uploads\/2018\/05\/Selbstverpflichtung-zum-Rauchen-und-Nichtraucherschutz-bei-Veranstaltungen-des-JRK-der-WWJ-v2.3.pdf\">Selbstverpflichtung zum Rauchen und Nichtraucherschutz bei Veranstaltungen des JRK-der WWJ v2.3<\/a>\u00a0(PDF)<\/p>\n<p><strong><br \/>\nHelfer k\u00f6nnen sich bereits bei uns melden: <\/strong><a href=\"helfer@abenteuer-siedeln.de\">helfer@abenteuer-siedeln.de<\/a><strong><br \/>\n<\/strong><\/p>\n<p>Infos zum Antrag auf Sonderurlaub: <a href=\"https:\/\/jrk-bayern.de\/freistellung-sonderurlaub\" target=\"_blank\" rel=\"noopener noreferrer\">https:\/\/jrk-bayern.de\/freistellung-sonderurlaub<\/a><\/p>\n<p>F\u00fcr Fragen stehen die ehrenamtliche Projektgruppe und die Bezirksgesch\u00e4ftsstelle des BRK Schwaben jederzeit zur Stelle.<\/p>\n<p>Wir sind erreichbar \u00fcber <a href=\"info@abenteuer-siedeln.de\">info@abenteuer-siedeln.de<\/a>!<\/p>\n","protected":false},"excerpt":{"rendered":"<p>Link zur Online-Anmeldung Endg\u00fcltiger Anmeldeschluss ist der 11. Mai 2025 Betreuer- und Teilnehmerausschreibung gingen bereits in Form von E-Mail und Flyern (direkt oder per Hauspost) zu euren Jugendleitungen und Gruppenleitern. Wichtige Info zum Flyer und Anmeldeformular f\u00fcr Teilnehmer: Liebe Gruppenleiter,&hellip; <\/p>\n","protected":false},"author":1,"featured_media":0,"parent":0,"menu_order":4,"comment_status":"closed","ping_status":"closed","template":"","meta":{"footnotes":""},"class_list":["post-14","page","type-page","status-publish","hentry"],"_links":{"self":[{"href":"https:\/\/abenteuer-siedeln.de\/blog\/wp-json\/wp\/v2\/pages\/14","targetHints":{"allow":["GET"]}}],"collection":[{"href":"https:\/\/abenteuer-siedeln.de\/blog\/wp-json\/wp\/v2\/pages"}],"about":[{"href":"https:\/\/abenteuer-siedeln.de\/blog\/wp-json\/wp\/v2\/types\/page"}],"author":[{"embeddable":true,"href":"https:\/\/abenteuer-siedeln.de\/blog\/wp-json\/wp\/v2\/users\/1"}],"replies":[{"embeddable":true,"href":"https:\/\/abenteuer-siedeln.de\/blog\/wp-json\/wp\/v2\/comments?post=14"}],"version-history":[{"count":66,"href":"https:\/\/abenteuer-siedeln.de\/blog\/wp-json\/wp\/v2\/pages\/14\/revisions"}],"predecessor-version":[{"id":3644,"href":"https:\/\/abenteuer-siedeln.de\/blog\/wp-json\/wp\/v2\/pages\/14\/revisions\/3644"}],"wp:attachment":[{"href":"https:\/\/abenteuer-siedeln.de\/blog\/wp-json\/wp\/v2\/media?parent=14"}],"curies":[{"name":"wp","href":"https:\/\/api.w.org\/{rel}","templated":true}]}}