{"id":16,"date":"2013-06-25T16:07:33","date_gmt":"2013-06-25T14:07:33","guid":{"rendered":"http:\/\/abenteuer-siedeln.de\/blog\/?page_id=16"},"modified":"2024-11-09T13:51:13","modified_gmt":"2024-11-09T11:51:13","slug":"galerie","status":"publish","type":"page","link":"https:\/\/abenteuer-siedeln.de\/blog\/galerie\/","title":{"rendered":"Galerie"},"content":{"rendered":"<p>Abenteuer Siedeln k\u00f6nnen auch hier wieder die Daheimgebliebenen das Lagerleben live verfolgen, in der <a href=\"http:\/\/abenteuer-siedeln.de\/blog\/galerie\/impressionen-2016\/\">Galerie<\/a> in Bildern und im <a title=\"Blog\" href=\"http:\/\/abenteuer-siedeln.de\/blog\/blog-2\/\">Blog<\/a> in Wort und Bild.<\/p>\n<p>Au\u00dferdem haben wir f\u00fcr euch einen kleinen R\u00fcckblick der letzten Jahre zusammengestellt.<\/p>\n<p><a title=\"Impressionen 2008\" href=\"http:\/\/abenteuer-siedeln.de\/blog\/galerie\/impressionen-2008-2\/\">Impressionen 2008<\/a><\/p>\n<p><a title=\"Impressionen 2010\" href=\"http:\/\/abenteuer-siedeln.de\/blog\/galerie\/imressionen-2010\/\">Impressionen 2010<\/a><\/p>\n<p><a title=\"Impressionen 2012\" href=\"http:\/\/abenteuer-siedeln.de\/blog\/galerie\/impressionen-2012\/\">Impressionen\u00a02012<\/a><\/p>\n<p><a title=\"Impressionen 2014\" href=\"http:\/\/abenteuer-siedeln.de\/blog\/galerie\/impressionen-2014\/\">Impressionen 2014<\/a><\/p>\n<p><a href=\"http:\/\/abenteuer-siedeln.de\/blog\/galerie\/impressionen-2016\/\">Impressionen 2016<\/a><\/p>\n<p><a href=\"https:\/\/abenteuer-siedeln.de\/blog\/galerie\/impressionen-2023\/\">Impressionen 2023<\/a><\/p>\n","protected":false},"excerpt":{"rendered":"<p>Abenteuer Siedeln k\u00f6nnen auch hier wieder die Daheimgebliebenen das Lagerleben live verfolgen, in der Galerie in Bildern und im Blog in Wort und Bild. Au\u00dferdem haben wir f\u00fcr euch einen kleinen R\u00fcckblick der letzten Jahre zusammengestellt. Impressionen 2008 Impressionen 2010&hellip; <\/p>\n","protected":false},"author":1,"featured_media":0,"parent":0,"menu_order":3,"comment_status":"closed","ping_status":"closed","template":"","meta":{"footnotes":""},"class_list":["post-16","page","type-page","status-publish","hentry"],"_links":{"self":[{"href":"https:\/\/abenteuer-siedeln.de\/blog\/wp-json\/wp\/v2\/pages\/16","targetHints":{"allow":["GET"]}}],"collection":[{"href":"https:\/\/abenteuer-siedeln.de\/blog\/wp-json\/wp\/v2\/pages"}],"about":[{"href":"https:\/\/abenteuer-siedeln.de\/blog\/wp-json\/wp\/v2\/types\/page"}],"author":[{"embeddable":true,"href":"https:\/\/abenteuer-siedeln.de\/blog\/wp-json\/wp\/v2\/users\/1"}],"replies":[{"embeddable":true,"href":"https:\/\/abenteuer-siedeln.de\/blog\/wp-json\/wp\/v2\/comments?post=16"}],"version-history":[{"count":18,"href":"https:\/\/abenteuer-siedeln.de\/blog\/wp-json\/wp\/v2\/pages\/16\/revisions"}],"predecessor-version":[{"id":3599,"href":"https:\/\/abenteuer-siedeln.de\/blog\/wp-json\/wp\/v2\/pages\/16\/revisions\/3599"}],"wp:attachment":[{"href":"https:\/\/abenteuer-siedeln.de\/blog\/wp-json\/wp\/v2\/media?parent=16"}],"curies":[{"name":"wp","href":"https:\/\/api.w.org\/{rel}","templated":true}]}}