{"id":18,"date":"2013-06-25T16:08:06","date_gmt":"2013-06-25T14:08:06","guid":{"rendered":"http:\/\/abenteuer-siedeln.de\/blog\/?page_id=18"},"modified":"2017-12-13T00:59:06","modified_gmt":"2017-12-12T22:59:06","slug":"uber-abenteuer-siedeln","status":"publish","type":"page","link":"https:\/\/abenteuer-siedeln.de\/blog\/uber-abenteuer-siedeln\/","title":{"rendered":"\u00dcber Abenteuer Siedeln"},"content":{"rendered":"<p>Abenteuer Siedeln ist ein Gro\u00dfzeltlager des Schw\u00e4bischen Roten Kreuzes, bei dem rund 500 jugendliche Teilnehmerinnen und Teilnehmer aus Jugendrotkreuz und Wasserwachtjugend eine Woche lang Spa\u00df haben. Neben dem gemeinsamen Freizeiterlebnis dominiert aber ein politisches Bildungskonzept die Veranstaltung, in dem jeweils ein Themenschwerpunkt im Mittelpunkt steht und damit die Rahmenhandlung f\u00fcr das gesamte Siedlerprogramm vorgibt.<\/p>\n<p>&nbsp;<\/p>\n<p><strong>Hier erfahrt Ihr mehr Details:<\/strong><\/p>\n<p><a title=\"Konzept 2016\" href=\"http:\/\/abenteuer-siedeln.de\/blog\/uber-abenteuer-siedeln\/konzept\/\">Konzept<\/a><\/p>\n<p><a title=\"Projektgruppe\" href=\"http:\/\/abenteuer-siedeln.de\/blog\/uber-abenteuer-siedeln\/projektgruppe\/\">Projektgruppe<\/a><\/p>\n<p><a title=\"Ehrenamtspreis\" href=\"http:\/\/abenteuer-siedeln.de\/blog\/uber-abenteuer-siedeln\/ehrenamtspreis\/\">Ehrenamtspreis<\/a><\/p>\n","protected":false},"excerpt":{"rendered":"<p>Abenteuer Siedeln ist ein Gro\u00dfzeltlager des Schw\u00e4bischen Roten Kreuzes, bei dem rund 500 jugendliche Teilnehmerinnen und Teilnehmer aus Jugendrotkreuz und Wasserwachtjugend eine Woche lang Spa\u00df haben. Neben dem gemeinsamen Freizeiterlebnis dominiert aber ein politisches Bildungskonzept die Veranstaltung, in dem jeweils&hellip; <\/p>\n","protected":false},"author":1,"featured_media":0,"parent":0,"menu_order":2,"comment_status":"closed","ping_status":"closed","template":"","meta":{"footnotes":""},"class_list":["post-18","page","type-page","status-publish","hentry"],"_links":{"self":[{"href":"https:\/\/abenteuer-siedeln.de\/blog\/wp-json\/wp\/v2\/pages\/18","targetHints":{"allow":["GET"]}}],"collection":[{"href":"https:\/\/abenteuer-siedeln.de\/blog\/wp-json\/wp\/v2\/pages"}],"about":[{"href":"https:\/\/abenteuer-siedeln.de\/blog\/wp-json\/wp\/v2\/types\/page"}],"author":[{"embeddable":true,"href":"https:\/\/abenteuer-siedeln.de\/blog\/wp-json\/wp\/v2\/users\/1"}],"replies":[{"embeddable":true,"href":"https:\/\/abenteuer-siedeln.de\/blog\/wp-json\/wp\/v2\/comments?post=18"}],"version-history":[{"count":14,"href":"https:\/\/abenteuer-siedeln.de\/blog\/wp-json\/wp\/v2\/pages\/18\/revisions"}],"predecessor-version":[{"id":2808,"href":"https:\/\/abenteuer-siedeln.de\/blog\/wp-json\/wp\/v2\/pages\/18\/revisions\/2808"}],"wp:attachment":[{"href":"https:\/\/abenteuer-siedeln.de\/blog\/wp-json\/wp\/v2\/media?parent=18"}],"curies":[{"name":"wp","href":"https:\/\/api.w.org\/{rel}","templated":true}]}}