{"id":897,"date":"2013-06-26T12:40:37","date_gmt":"2013-06-26T10:40:37","guid":{"rendered":"http:\/\/abenteuer-siedeln.de\/blog\/?page_id=897"},"modified":"2025-01-27T14:19:01","modified_gmt":"2025-01-27T12:19:01","slug":"konzept","status":"publish","type":"page","link":"https:\/\/abenteuer-siedeln.de\/blog\/uber-abenteuer-siedeln\/konzept\/","title":{"rendered":"Konzept"},"content":{"rendered":"\n<p><strong>Schwerpunkt 2025: <\/strong>(M)eine Gemeinschaft, (m)eine Welt, (m)eine Zukunft!\u00a0\u00a0<\/p>\n\n\n\n<p><\/p>\n\n\n\n<p><strong>Gro\u00dfzeltlager \u201aplus\u2018 seit 2008<\/strong>&nbsp;<\/p>\n\n\n\n<p>Abenteuer Siedeln ist ein Gro\u00dfzeltlager des Schw\u00e4bischen Roten Kreuzes, das alle zwei Jahre stattfindet und bei dem rund 500 jugendliche Mitglieder des Roten Kreuzes eine Woche lang Gemeinschaft erleben. Neben dem gemeinsamen Freizeiterlebnis umrahmt ein Bildungskonzept als besonderes \u201aplus\u2018 die Veranstaltung. Hierf\u00fcr wird jeweils ein aktuelles Thema aufgegriffen und als Motto f\u00fcr die Rahmenhandlung des Siedlerprogramms festgelegt.&nbsp;<\/p>\n\n\n\n<p><strong>Plusgedanke \u2013 unser Themenkreis 2025:<\/strong> Gesellschaft &amp; Gemeinschaft, soziale Verantwortung, Selbstwirksamkeit in der Gesellschaft, Bedeutung von Kommunikation, Partizipation.&nbsp;&nbsp;&nbsp;<\/p>\n\n\n\n<p>In unserer Gesellschaft ist seit einigen Jahren ein deutlich rauerer Umgangston sp\u00fcrbar. Viele Themen werden polarisierend gehandelt, w\u00e4hrend gleichzeitig ein Teil der Gesellschaft scheinbar unbeteiligt bleibt. Entscheidungen werden zunehmend emotional diskutiert, anstatt sachlich und faktenbasiert betrachtet. Welche Werte hinter Demokratie stehen, wird immer \u00f6fter vergessen. Auch welche Rolle jeder Einzelne in der Gemeinschaft spielt, welche Verantwortung dahintersteckt und dass es eben nicht egal ist, muss wieder st\u00e4rker in den Fokus r\u00fccken.&nbsp;&nbsp;<\/p>\n\n\n\n<p>Unser Motto f\u00fcr 2025 lautet daher: (M)eine Gemeinschaft, (m)eine Welt, (m)eine Zukunft!&nbsp;&nbsp;<\/p>\n\n\n\n<p><strong>Rahmenkonzept f\u00fcr die Umsetzung:&nbsp;<\/strong>&nbsp;<\/p>\n\n\n\n<p>Die vier Zeltgemeinschaften haben jeweils eine andere Struktur und Gewohnheit, so dass gerade die Fragen der Zusammenarbeit, der Informationspolitik, der Hierarchie und der Mitbestimmung unterschiedlich geregelt sind. Jede Gemeinschaft wird in bestimmten Bereichen Einschnitte erleben bzw. mit Unterdr\u00fcckung, mangelnder Information oder \u00c4hnlichem konfrontiert werden. Damit soll den Teilnehmenden deutlich gemacht werden, welche Faktoren f\u00fcr ein gelungenes Zusammenleben in einer Gesellschaft bedeutend sind. Gleichzeitig werden sie \u00fcber Info-St\u00e4nde und Workshops gezielt bef\u00e4higt, sich \u00fcber ihre Rolle in der Gesellschaft klarzuwerden und ggf. auch Verbesserungen herbeizuf\u00fchren (Partizipation). Ein nicht zu vernachl\u00e4ssigender Aspekt ist dabei auch Kommunikation und Kooperation mit anderen.&nbsp;&nbsp;<\/p>\n\n\n\n<p>Eine weitere Steuerungsm\u00f6glichkeit f\u00fcr die Spielleitung sind die Tagesaufgaben. Durch das Ersetzen der Tagesaufgabe in ein t\u00e4gliches B\u00fcndel an kleineren Aufgaben m\u00f6chten wir erreichen, dass sich mehr Teilnehmende ihren F\u00e4higkeiten und ihrem Alter entsprechend daran beteiligen k\u00f6nnen und so sp\u00fcren, dass auch ihr Einsatz zum Erfolg ihrer Gemeinschaft beitragen kann.&nbsp;&nbsp;<\/p>\n\n\n\n<p>Jede Gemeinschaft bekommt zu Beginn durch die Spielleitung genaue Informationen zu ihren Gewohnheiten und Regeln, die nat\u00fcrlich geheim bleiben vor den anderen Siedlern.&nbsp;<\/p>\n\n\n\n<p>Die Botschafter werden ihre Gemeinschaften sehr gut beobachten und betreuen und ggf. mit den Gruppenleitern arbeiten, um eine Eskalation zu vermeiden. Die Teilnehmenden sollen weiterhin Spa\u00df am Siedeln haben, sich dabei aber Gedanken machen, was f\u00fcr sie in ihrer Gemeinschaft wichtig ist.&nbsp;<\/p>\n\n\n\n<p><strong>Vorbereitende Impulse&nbsp;<\/strong>&nbsp;<\/p>\n\n\n\n<p>Ab der Ausschreibung f\u00fcrs Siedeln 2025 soll es regelm\u00e4\u00dfig Impulse f\u00fcr die Teilnehmenden geben, sich mit einzelnen Punkten aus dem Themenkreis zu befassen. Auf der Homepage lassen sich z.B. Ideen f\u00fcr Gruppenstunden platzieren, in den sozialen Medien k\u00f6nnen Mini-Videos oder kurze Info-Posts gestreut werden und bereits eine Mitwirkung der Teilnehmenden gefordert werden, z.B. Abstimmung zwischen zwei Abendprogramm-Ideen.&nbsp;&nbsp;<\/p>\n\n\n\n<p>So k\u00f6nnen wir positives Verhalten in Bezug auf Information, Kommunikation und Partizipation direkt vorleben.&nbsp;&nbsp;<\/p>\n\n\n\n<p><strong>Unsere Motivation \u2013 das plus in der Jugendarbeit<\/strong> &nbsp;<\/p>\n\n\n\n<p>Abenteuer Siedeln soll f\u00fcr die Teilnehmenden (die sogenannten \u201cSiedler\u201d) ein Erlebnis sein, welches \u00fcber Spiel und Spa\u00df auch auf inhaltlich komplexe und gesellschaftlich schwierige Themengebiete aufmerksam macht. Dieses zu erm\u00f6glichen und somit f\u00fcr ein kleines positives Plus in der Gesellschaft zu sorgen, ist die Motivation der ehrenamtlichen Projektgruppe.&nbsp;&nbsp;<\/p>\n\n\n\n<p>Das erste Abenteuer Siedeln 2008 wurde mit dem Bundesf\u00f6rderpreis Ehrenamt des Innenministeriums ausgezeichnet. Der Preis w\u00fcrdigt herausragende Leistungen des Ehrenamtes im Bev\u00f6lkerungsschutz. Die wechselnden Themen sorgen f\u00fcr einen aktuellen Bezug zu zukunftsrelevanten Themen und bieten f\u00fcr Teilnehmer sowie Projektgruppe immer eine spannende Herausforderung.&nbsp;&nbsp;<\/p>\n\n\n\n<p><strong>Unsere bisherigen Lager:<\/strong><\/p>\n\n\n\n<p>2023: Wald <\/p>\n\n\n\n<p>2022: Entfallen<\/p>\n\n\n\n<p>2020: Entfallen<\/p>\n\n\n\n<p>2018: Selbst-Bewusst-Sein<\/p>\n\n\n\n<p>2016: Grenzenlos<\/p>\n\n\n\n<p>2014: Erneuerbare Energien<\/p>\n\n\n\n<p>2012: Humanit\u00e4res V\u00f6lkerrecht spielerisch erleben<\/p>\n\n\n\n<p>2010: Wirtschaftliche Zusammenh\u00e4nge<\/p>\n\n\n\n<p>2008: Politisches Handeln<\/p>\n","protected":false},"excerpt":{"rendered":"<p>Schwerpunkt 2025: (M)eine Gemeinschaft, (m)eine Welt, (m)eine Zukunft!\u00a0\u00a0 Gro\u00dfzeltlager \u201aplus\u2018 seit 2008&nbsp; Abenteuer Siedeln ist ein Gro\u00dfzeltlager des Schw\u00e4bischen Roten Kreuzes, das alle zwei Jahre stattfindet und bei dem rund 500 jugendliche Mitglieder des Roten Kreuzes eine Woche lang Gemeinschaft&hellip; <\/p>\n","protected":false},"author":1,"featured_media":0,"parent":18,"menu_order":1,"comment_status":"closed","ping_status":"closed","template":"","meta":{"footnotes":""},"class_list":["post-897","page","type-page","status-publish","hentry"],"_links":{"self":[{"href":"https:\/\/abenteuer-siedeln.de\/blog\/wp-json\/wp\/v2\/pages\/897","targetHints":{"allow":["GET"]}}],"collection":[{"href":"https:\/\/abenteuer-siedeln.de\/blog\/wp-json\/wp\/v2\/pages"}],"about":[{"href":"https:\/\/abenteuer-siedeln.de\/blog\/wp-json\/wp\/v2\/types\/page"}],"author":[{"embeddable":true,"href":"https:\/\/abenteuer-siedeln.de\/blog\/wp-json\/wp\/v2\/users\/1"}],"replies":[{"embeddable":true,"href":"https:\/\/abenteuer-siedeln.de\/blog\/wp-json\/wp\/v2\/comments?post=897"}],"version-history":[{"count":55,"href":"https:\/\/abenteuer-siedeln.de\/blog\/wp-json\/wp\/v2\/pages\/897\/revisions"}],"predecessor-version":[{"id":3624,"href":"https:\/\/abenteuer-siedeln.de\/blog\/wp-json\/wp\/v2\/pages\/897\/revisions\/3624"}],"up":[{"embeddable":true,"href":"https:\/\/abenteuer-siedeln.de\/blog\/wp-json\/wp\/v2\/pages\/18"}],"wp:attachment":[{"href":"https:\/\/abenteuer-siedeln.de\/blog\/wp-json\/wp\/v2\/media?parent=897"}],"curies":[{"name":"wp","href":"https:\/\/api.w.org\/{rel}","templated":true}]}}