{"id":899,"date":"2013-06-26T12:43:38","date_gmt":"2013-06-26T10:43:38","guid":{"rendered":"http:\/\/abenteuer-siedeln.de\/blog\/?page_id=899"},"modified":"2025-06-23T07:24:34","modified_gmt":"2025-06-23T05:24:34","slug":"projektgruppe","status":"publish","type":"page","link":"https:\/\/abenteuer-siedeln.de\/blog\/uber-abenteuer-siedeln\/projektgruppe\/","title":{"rendered":"Projektgruppe"},"content":{"rendered":"<p>Ohne viele helfende H\u00e4nde, sprudelnde K\u00f6pfe und begeisterte Akteure w\u00fcrde Abenteuer Siedeln nicht zu solch einem abwechslungsreichen Zeltlager werden. W\u00e4hrend des Lagers werden wir tatkr\u00e4ftig von Betreuern, Teilnehmern, Referenten, K\u00fcchtenteam\u00a0 und der erweiterten PG unterst\u00fctzt. Ohne diese zuverl\u00e4ssigen Helfer geht nichts. Vielen herzlichen Dank an dieser Stelle von der gesamten PG.<\/p>\n<!-- Timed Content v1.2.5 -->\n<\/p>\n<p><strong>2025:\u00a0<\/strong><\/p>\n<p><strong>Michael\u00a0Stegm\u00fcller<\/strong>\u00a0\u2013 Projektleitung | WW Steppach<img loading=\"lazy\" decoding=\"async\" class=\"alignright size-medium wp-image-4208\" src=\"https:\/\/abenteuer-siedeln.de\/blog\/wp-content\/uploads\/2025\/06\/thumbnail_image2-2-300x200.jpg\" alt=\"\" width=\"300\" height=\"200\" srcset=\"https:\/\/abenteuer-siedeln.de\/blog\/wp-content\/uploads\/2025\/06\/thumbnail_image2-2-300x200.jpg 300w, https:\/\/abenteuer-siedeln.de\/blog\/wp-content\/uploads\/2025\/06\/thumbnail_image2-2-1024x683.jpg 1024w, https:\/\/abenteuer-siedeln.de\/blog\/wp-content\/uploads\/2025\/06\/thumbnail_image2-2-768x512.jpg 768w, https:\/\/abenteuer-siedeln.de\/blog\/wp-content\/uploads\/2025\/06\/thumbnail_image2-2.jpg 1420w\" sizes=\"auto, (max-width: 300px) 100vw, 300px\" \/><br \/>\n<strong>Sascha Prause<\/strong>\u00a0\u2013 Projektleitung | WW Neu-Ulm<br \/>\n<strong>Barbara Egger<\/strong>\u00a0\u2013 Konzeption | JRK Wolferstadt<br \/>\n<strong>Martina L\u00e4mmle<\/strong>\u00a0\u2013 Konzeption | WW Neu-Ulm<br \/>\n<strong>Felix Fickert<\/strong>\u00a0\u2013 Konzeption | WW Steppach<br \/>\n<strong>Jessica Czarnetzki<\/strong>\u00a0\u2013 Konzeption | WW Lindenberg<br \/>\n<strong>Anna W\u00fctschner<\/strong>\u00a0\u2013 Helfer | WW G\u00f6ggingen<br \/>\n<strong>Daniela Rei\u00dfner<\/strong>\u00a0\u2013 Helfer | WW Memmingen<br \/>\n<strong>Gordian Gebhart<\/strong>\u00a0\u2013 Workshops | WW Memmingen<br \/>\n<strong>Christina Rei\u00dfner<\/strong>\u00a0\u2013 Workshops | WW Memmingen<br \/>\n<strong>Julia Polke<\/strong>\u00a0\u2013 Workshops | WW G\u00f6ggingen<br \/>\n<strong>Julia Hei\u00df<\/strong>\u00a0\u2013 Abendprogramm | WW Thannhausen<br \/>\n<strong>Yasmin Dorfmiller<\/strong>\u00a0\u2013 Abendprogramm | WW Thannhausen<br \/>\n<strong>Jakob Hellmuth<\/strong>\u00a0\u2013 Material | WW Lindau<br \/>\n<strong>Timo Tempelmann<\/strong>\u00a0\u2013 Material | WW Kuhsee<br \/>\n<strong>Helena Reischl<\/strong>\u00a0\u2013 Facility Management | WW Rottachtal<br \/>\n<strong>Annika Fischer<\/strong> \u2013 Medienteam | WW Senden<br \/>\n<strong>Thomas Thiel<\/strong>\u00a0\u2013 Hausmeister | WW Memmingen<br \/>\n<strong>Michael Wei\u00dfkirchen<\/strong>\u00a0\u2013 K\u00fcche | WW Kuhsee<br \/>\n<strong>Matthias Sporck<\/strong>\u00a0\u2013 K\u00fcche | WW Kuhsee<br \/>\n<strong>Sarah Dopfer<\/strong>\u00a0\u2013 K\u00fcche | WW Kuhsee<\/p>\n<p><strong>2023:\u00a0<\/strong><\/p>\n<p><a href=\"https:\/\/abenteuer-siedeln.de\/blog\/wp-content\/uploads\/2024\/07\/1W4A2719-scaled-e1720312012519.jpg\"><img loading=\"lazy\" decoding=\"async\" class=\"alignright wp-image-3567 size-medium\" src=\"https:\/\/abenteuer-siedeln.de\/blog\/wp-content\/uploads\/2024\/07\/1W4A2719-scaled-e1720312012519-300x215.jpg\" alt=\"\" width=\"300\" height=\"215\" srcset=\"https:\/\/abenteuer-siedeln.de\/blog\/wp-content\/uploads\/2024\/07\/1W4A2719-scaled-e1720312012519-300x215.jpg 300w, https:\/\/abenteuer-siedeln.de\/blog\/wp-content\/uploads\/2024\/07\/1W4A2719-scaled-e1720312012519-1024x732.jpg 1024w, https:\/\/abenteuer-siedeln.de\/blog\/wp-content\/uploads\/2024\/07\/1W4A2719-scaled-e1720312012519-768x549.jpg 768w, https:\/\/abenteuer-siedeln.de\/blog\/wp-content\/uploads\/2024\/07\/1W4A2719-scaled-e1720312012519-1536x1098.jpg 1536w, https:\/\/abenteuer-siedeln.de\/blog\/wp-content\/uploads\/2024\/07\/1W4A2719-scaled-e1720312012519-474x342.jpg 474w, https:\/\/abenteuer-siedeln.de\/blog\/wp-content\/uploads\/2024\/07\/1W4A2719-scaled-e1720312012519.jpg 1948w\" sizes=\"auto, (max-width: 300px) 100vw, 300px\" \/><\/a><strong>Michael<\/strong> <strong>Stegm\u00fcller<\/strong> &#8211; Projektleitung | WW Steppach<br \/>\n<strong>Thomas Thiel<\/strong> &#8211; Konzeption | WW Memmingen<br \/>\n<strong>Gordian Gebhart<\/strong> &#8211; Helfer | WW Memmingen<br \/>\n<strong>Anna W\u00fctschner<\/strong> &#8211; Workshops | WW G\u00f6ggingen<br \/>\n<strong>Daniela Rei\u00dfner<\/strong> &#8211; Workshops | WW Memmingen<br \/>\n<strong>Mirjam Schneid<\/strong> &#8211; Workshops | WW G\u00f6ggingen<br \/>\n<strong>Julia Polke<\/strong> &#8211; Nachmittags- und Abendprogramm | WW G\u00f6ggingen<br \/>\n<strong>Yasmin Dorfmiller<\/strong> &#8211; Nachmittags- und Abendprogramm | WW Thannhausen<br \/>\n<strong>Julia Mayer<\/strong> &#8211; Nachmittags- und Abendprogramm | WW G\u00fcnzburg<br \/>\n<strong>Jakob Hellmuth<\/strong> &#8211; Material | WW Lindau<br \/>\n<strong>Timo Tempelmann<\/strong> &#8211; Material | WW Kuhsee<br \/>\n<strong>Felix Fickert<\/strong> &#8211; Konzeption | WW Steppach<br \/>\n<strong>Martina L\u00e4mmle<\/strong> &#8211; Helfer | WW Biberach<br \/>\n<strong>Barbara Egger<\/strong> &#8211; Konzeption | JRK Wolferstadt<br \/>\n<strong>Jessica Czarnetzki<\/strong> &#8211; Konzeption | WW Lindenberg<br \/>\n<strong>Sabine Blodau<\/strong> &#8211; Facility Management | WW Kempten<br \/>\n<strong>Helena Reischl<\/strong> &#8211; Facility Management | WW Rottachtal<br \/>\n<strong>Lukas Dirlmeier<\/strong> &#8211; Medienteam | WW Memmingen<br \/>\n<strong>Annika Fischer<\/strong> &#8211; Medienteam | WW Senden<br \/>\n<strong>Michael Wei\u00dfkirchen<\/strong> &#8211; K\u00fcche | WW Kuhsee<br \/>\n<strong>Matthias Sporck<\/strong> &#8211; K\u00fcche | WW Kuhsee<br \/>\n<strong>Sarah Dopfer<\/strong> &#8211; K\u00fcche | WW Kuhsee<\/p>\n<hr \/>\n<p><strong>2020:<\/strong><\/p>\n<p><strong>Amberg Karo <\/strong>&#8211; Nachmittags- &amp; Abendprogramm &amp; Helferplanung | JRK Marktoberdorf<strong><br \/>\n<\/strong><strong>Blodau Sabine<\/strong> &#8211; gute Seele | WW Kempten<br \/>\n<strong>Czarnetzki Jessica<\/strong> &#8211; Konzeption | WW Lindenberg<br \/>\n<strong>Deuring Benni<\/strong> &#8211; Material und Kiosk | WW Lindau<br \/>\n<strong>Dirlmeier Lukas<\/strong>\u00a0&#8211; Medienteam | WW Memmingen<br \/>\n<strong>D\u00f6rfler Max\u00a0<\/strong>&#8211; Material und Kiosk | WW Kuhsee<br \/>\n<strong>Dorfmiller Yasmin<\/strong> &#8211; Nachmittags- &amp; Abendprogramm | WW Thannhausen<br \/>\n<strong>Ferraro Sabrina<\/strong> &#8211; Medienteam<br \/>\n<strong>Gebhart Gordian<\/strong> &#8211; stellv. Bezirksjugenleiter, Projektleitung | WW Memmingen<br \/>\n<strong>Grimbacher Phillip<\/strong> &#8211; Nachmittags- &amp; Abendprogramm | WW Thannhausen<br \/>\n<strong>Huber Michael <\/strong>&#8211; Medienteam | WW Neu-Ulm<br \/>\n<strong>Kern Marcus<\/strong> &#8211; Bezirksgech\u00e4ftsstelle | WW Buchloe<br \/>\n<strong>Krug Roland<\/strong> &#8211; Material und Kiosk | WW Memmingen<br \/>\n<strong>L\u00e4mmle Martina<\/strong> &#8211; Konzeption &amp; Helferplanung | WW Biberach<br \/>\n<strong>Ledabyll Benjamin<\/strong> &#8211; Konzeption | WW Derching<br \/>\n<strong>Prause Sascha<\/strong> &#8211; stellv. Bezirksjugendleiter, Projektleiter &amp; Medienteam| WW Neu-Ulm<br \/>\n<strong>Probsteder Simone<\/strong> &#8211; K\u00fcche | WW Kuhsee<br \/>\n<strong>Rei\u00dfner Christina <\/strong>&#8211; Workshop | WW Memmingen<br \/>\n<strong>Reiser Luisa<\/strong> &#8211; Workshops | WW G\u00f6ggingen<br \/>\n<strong>Reschke Kerstin<\/strong> &#8211; Helferplanung, Workshops &amp; Nachmittags- &amp; Abendprogramm | JRK Memmingen<br \/>\n<strong>Rieder Manuel<\/strong> &#8211; Nachmittags- &amp; Abendprogramm | WW Thannhausen<br \/>\n<strong>Schmid Verena<\/strong> &#8211; Nachmittags- &amp; Abendprogramm | WW Thannhausen<br \/>\n<strong>Schneid Miriam<\/strong> &#8211; Workshops | WW G\u00f6ggingen<br \/>\n<strong>Sch\u00f6ps Dorothee<\/strong> &#8211; Konzeption | JRK Marktoberdorf<br \/>\n<strong>Schreier Alina<\/strong> &#8211; Workshops | WW Neu-Ulm<br \/>\n<strong>Sporck Matthias <\/strong>&#8211; K\u00fcche | WW Kuhsee<br \/>\n<strong>Stegm\u00fcller Michael<\/strong> &#8211; Bezirksjugendleiter, Nachmittags- &amp; Abendprogramm | WW Steppach<br \/>\n<strong>Thiel Thomas<\/strong> &#8211;\u00a0stellv. Bezirksjugendleiter, Projektleiter &amp; Konzeption | WW Memmingen<br \/>\n<strong>Wassermann Heiko<\/strong> &#8211; Medienteam | DRK OV Hattenhofen<br \/>\n<strong>Weiskirchen Michael<\/strong> &#8211; K\u00fcche | WW Kuhsee<br \/>\n<strong>W\u00fctschner Anna<\/strong> &#8211; stellv. Bezirksjugendleiterin, Workshops | WW G\u00f6ggingen<br \/>\n<strong>Zeiser Hanna<\/strong> &#8211; Konzeption | WW G\u00fcnzburg<\/p>\n<hr \/>\n<p><strong>2018:<\/strong><\/p>\n<p><strong><img loading=\"lazy\" decoding=\"async\" class=\"size-medium wp-image-2885 alignleft\" src=\"http:\/\/abenteuer-siedeln.de\/blog\/wp-content\/uploads\/2019\/12\/IMG_7947_bearb-klein-300x185.jpg\" alt=\"\" width=\"300\" height=\"185\" srcset=\"https:\/\/abenteuer-siedeln.de\/blog\/wp-content\/uploads\/2019\/12\/IMG_7947_bearb-klein-300x185.jpg 300w, https:\/\/abenteuer-siedeln.de\/blog\/wp-content\/uploads\/2019\/12\/IMG_7947_bearb-klein.jpg 567w\" sizes=\"auto, (max-width: 300px) 100vw, 300px\" \/>Blodau Sabine<\/strong> &#8211; gute Seele | WW Kempten<br \/>\n<strong>Bostelmann Daniela<\/strong> &#8211; K\u00fcche &amp; Sonstiges | WW Memmingen<br \/>\n<strong>B\u00fcchele Manuel<\/strong> &#8211; Nachmittags- &amp; Abendprogramm | WW Meitingen<br \/>\n<strong>Czarnetzki Jessica<\/strong> &#8211; Konzeption | WW Lindenberg<br \/>\n<strong>Deuring Benjamin\u00a0<\/strong>&#8211; Material und Kiosk | WW Lindau<br \/>\n<strong>Dirlmeier Lukas<\/strong> &#8211; Medienteam | WW Memmingen<br \/>\n<strong>D\u00f6rfler Max<\/strong> &#8211; Material und Kiosk | WW Kuhsee<br \/>\n<strong>Gebhart Gordian<\/strong> &#8211; stellv. Bezirksjugenleiter, Konzeption | WW Memmingen<br \/>\n<strong>Huber Michael<\/strong> &#8211; Medienteam | WW Neu-Ulm<br \/>\n<strong>Kern Marcus<\/strong> &#8211; Bezirksgech\u00e4ftsstelle | WW Buchloe<br \/>\n<strong>Krug Roland<\/strong> &#8211; Material und Kiosk | Memmingen<br \/>\n<strong>M\u00fcnch Olesia<\/strong> &#8211; Helferplanung | WW Donauw\u00f6rth<br \/>\n<strong>M\u00fcller Verena<\/strong> &#8211; Workshop | WW B\u00e4umenheim<br \/>\n<strong>Prause Sascha<\/strong> &#8211; stellv. Bezirksjugendleiter, Projektleiter | WW Neu-Ulm<br \/>\n<strong>Rei\u00dfner Christina<\/strong> &#8211; Workshop | WW Memmingen<br \/>\n<strong>Rei\u00dfner Daniela<\/strong> &#8211; Nachmittags-&amp;Abendprogramm | WW Memmingen<br \/>\n<strong>Reschke Kerstin<\/strong> &#8211; Helferplanung | JRK Memmingen<br \/>\n<strong>Rieder Manuel<\/strong> &#8211; Nachmittags- &amp; Abendprogramm | WW Thannhausen<br \/>\n<strong>Sailer Lisa<\/strong> &#8211; Medienteam | WW Senden<br \/>\n<strong>Stadler Jakob<\/strong> &#8211; Nachmittag- &amp; Abendprogramm | JRK Zusmarshausen<br \/>\n<strong>Stegm\u00fcller Michael<\/strong> &#8211; Bezirksjugendleiter, Nachmittags- &amp; Abendprogramm | WW Steppach<br \/>\n<strong>Thiel Thomas<\/strong> &#8211; stellv. Bezirksjugendleiter, Konzeption | WW Memmingen<br \/>\n<strong>Wei\u00df Nicole<\/strong> &#8211; Workshop | JRK Wemding<br \/>\n<strong>Wassermann Heiko<\/strong> &#8211; Medienteam | DRK OV Hattenhofen<br \/>\n<strong>Weinzierl Marco<\/strong> &#8211; Workshops | WW Kirchdorf<br \/>\n<strong>W\u00fctschner Anna<\/strong> &#8211; stellv. Bezirksjugendleiterin, Workshops | WW G\u00f6ggingen<br \/>\n<strong>Zahor Max<\/strong> &#8211; K\u00fcche | WW Memmingen<br \/>\n<strong>Zahor Stefan<\/strong> &#8211; K\u00fcche | WW Memmingen<\/p>\n<p><!-- End of Timed Content -->\n\n<hr \/>\n<p><strong>2016:<\/strong><\/p>\n<p><a href=\"http:\/\/abenteuer-siedeln.de\/blog\/wp-content\/uploads\/2016\/05\/DSC04478.jpg\"><img loading=\"lazy\" decoding=\"async\" class=\"size-medium wp-image-2139 alignleft\" src=\"http:\/\/abenteuer-siedeln.de\/blog\/wp-content\/uploads\/2016\/05\/DSC04478-300x200.jpg\" alt=\"DSC04478\" width=\"300\" height=\"200\" srcset=\"https:\/\/abenteuer-siedeln.de\/blog\/wp-content\/uploads\/2016\/05\/DSC04478-300x200.jpg 300w, https:\/\/abenteuer-siedeln.de\/blog\/wp-content\/uploads\/2016\/05\/DSC04478-1024x683.jpg 1024w, https:\/\/abenteuer-siedeln.de\/blog\/wp-content\/uploads\/2016\/05\/DSC04478.jpg 1500w\" sizes=\"auto, (max-width: 300px) 100vw, 300px\" \/><\/a><\/p>\n<p><strong>Sabine Blodau <\/strong>&#8211; gute Seele, Botschafterin | WW Kempten<br \/>\n<strong>Daniela Bostelmann<\/strong> &#8211; K\u00fcche, Sonstiges | WW Memmingen<br \/>\n<strong>Jessica Czarnetzki<\/strong> &#8211; Nachmittagsprogramm | WW Lindenberg<br \/>\n<strong>Sebastian D\u00e4mmig<\/strong> &#8211; Kiosk, Material | WW Marktoberdorf<br \/>\n<strong>Barbara Egger<\/strong> &#8211; Nachmittagsprogramm | JRK Wolferstadt<br \/>\n<strong>Gordian Gebhart<\/strong> &#8211; Planspiel, Konzeption | WW Memmingen<br \/>\n<strong>Mario Henke <\/strong>&#8211; Abendprogramm | JRK Buchloe<br \/>\n<strong>Michael Huber<\/strong> &#8211; Medienteam | WW Neu-Ulm<br \/>\n<strong>Marcus Kern<\/strong> &#8211; BGS | WW Buchloe<br \/>\n<strong>Roland Krug<\/strong> &#8211; Nachmittagsprogramm | WW Memmingen<br \/>\n<strong>Sascha Prause <\/strong>&#8211; Bezirksjugenleiter und Projektleiter | WW Neu-Ulm<br \/>\n<strong>Kerstin Reschke<\/strong> &#8211; Helferplanung | JRK Memmingen<br \/>\n<strong>Stephan Ruber<\/strong> &#8211; Abendprogramm | WW Meitingen<br \/>\n<strong>Alfons Sailer <\/strong>&#8211; Planspiel, Konzeption | WW Senden<br \/>\n<strong>Lisa Sailer<\/strong> &#8211; Planspiel, Konzeption,\u00a0Botschafterin | WW Senden<br \/>\n<strong>Jakob Stadler <\/strong>&#8211; Nachmittagsprogramm | JRK Zusmarshausen<br \/>\n<strong>Madlen Suiter<\/strong> &#8211; Workshop, Lebendige Bibliothek | WW Thannhausen<br \/>\n<strong>Thomas Thiel <\/strong>&#8211; Planspiel, Konzeption | WW Memmingen<br \/>\n<strong>Nicole Wei\u00df <\/strong>&#8211; Workshop, Lebendige Bibliothek, Botschafterin | JRK Wemding<br \/>\n<strong>Anna W\u00fctschner <\/strong>&#8211; stellv. Bezirksjugenleiterin, Workshop, Lebendige Bibliothek, Botschafterin | WW G\u00f6ggingen<br \/>\n<strong>Heiko Wassermann<\/strong> &#8211; Medienteam<br \/>\n<strong>Max Zahor<\/strong> &#8211; K\u00fcche | WW Memmingen<br \/>\n<strong>Stefan Zahor <\/strong>&#8211; K\u00fcche | WW Memmingen<\/p>\n<hr \/>\n<p><img loading=\"lazy\" decoding=\"async\" class=\"size-medium wp-image-1792 alignleft\" title=\"PG 2014\" src=\"http:\/\/abenteuer-siedeln.de\/blog\/wp-content\/uploads\/2014\/06\/DSC_0582-300x198.jpeg\" alt=\"DSC_0582\" width=\"300\" height=\"198\" srcset=\"https:\/\/abenteuer-siedeln.de\/blog\/wp-content\/uploads\/2014\/06\/DSC_0582-300x198.jpeg 300w, https:\/\/abenteuer-siedeln.de\/blog\/wp-content\/uploads\/2014\/06\/DSC_0582-1024x678.jpeg 1024w, https:\/\/abenteuer-siedeln.de\/blog\/wp-content\/uploads\/2014\/06\/DSC_0582.jpeg 1183w\" sizes=\"auto, (max-width: 300px) 100vw, 300px\" \/><strong>2014:<\/strong><\/p>\n<p>D\u00e4mmig Sebastian (ehrenamtlicher Projektleiter), Prause Sascha\u00a0(stv. ehrenamtlicher Projektleiter),\u00a0Borstelmann Daniela, Krug Roland, Reschke Kerstin, Raschke Bastian, Martin Bastian, Lauscher Sabine, Blodau Sabine, W\u00fctschner Anna, Sailer Alfons, Sailer Lisa, Stadler Christian, Stegm\u00fcller Michael, Thiel Thomas, Gebhart Gordian, Wei\u00df Nicole, Kern Marcus<\/p>\n<hr \/>\n<p><img loading=\"lazy\" decoding=\"async\" class=\"alignleft size-medium wp-image-1030\" src=\"http:\/\/abenteuer-siedeln.de\/blog\/wp-content\/uploads\/2013\/06\/PG2012-300x165.jpg\" alt=\"PG 2012\" width=\"300\" height=\"165\" srcset=\"https:\/\/abenteuer-siedeln.de\/blog\/wp-content\/uploads\/2013\/06\/PG2012-300x165.jpg 300w, https:\/\/abenteuer-siedeln.de\/blog\/wp-content\/uploads\/2013\/06\/PG2012.jpg 767w\" sizes=\"auto, (max-width: 300px) 100vw, 300px\" \/><strong>2012:<\/strong><\/p>\n<p>Rzepka Christian (ehrenamtlicher Projektleiter), Sailer Alfons (stv. ehrenamtlicher Projektleiter), Stadler Christian, Reizner Phillip, Martin Bastian, D\u00e4mmig Sebastian, Lauscher Sabine, Raschke Bastian, Fickert Lukas, Borstelmann Daniela, B\u00fcchele Manuel, Markgraf Alexander, Prause Sascha, Sailer Lisa, Blodau Sabine, Stolze Barbara, Thiel Thomas, Gebhart Gordian, Suiter Madlen, Fischer J\u00fcrgen, Schenke Alexandra, Pfaffinger Jochen, Medienteam: Zell Martin, Bores Bj\u00f6rn, B\u00fccherl Gabriel<\/p>\n<hr \/>\n<p><strong>2010:<\/strong><\/p>\n<p>Rzepka Christian (ehrenamtlicher Projektleiter), Sailer Alfons (stv. ehrenamtlicher Projektleiter), Stadler Christian, Reizner Phillip, Martin Bastian, D\u00e4mmig Sebastian, Fickert Lukas, Borstelmann Daniela, Sailer Lisa, Blodau Sabine, Stolze Barbara, Thiel Thomas, Fischer J\u00fcrgen, Medienteam: Zell Martin, Bores Bj\u00f6rn, B\u00fccherl Gabriel<\/p>\n<hr \/>\n<p><strong>2008:<\/strong><\/p>\n<p>Rzepka Christian (ehrenamtlicher Projektleiter), Sailer Alfons (stv. ehrenamtlicher Projektleiter), Stadler Christian, Martin Bastian, D\u00e4mmig Sebastian, Borstelmann Daniela, Sailer Lisa, Stolze Barbara, Fischer J\u00fcrgen, Schenke Alexandra<\/p>\n","protected":false},"excerpt":{"rendered":"<p>Ohne viele helfende H\u00e4nde, sprudelnde K\u00f6pfe und begeisterte Akteure w\u00fcrde Abenteuer Siedeln nicht zu solch einem abwechslungsreichen Zeltlager werden. W\u00e4hrend des Lagers werden wir tatkr\u00e4ftig von Betreuern, Teilnehmern, Referenten, K\u00fcchtenteam\u00a0 und der erweiterten PG unterst\u00fctzt. Ohne diese zuverl\u00e4ssigen Helfer geht&hellip; <\/p>\n","protected":false},"author":1,"featured_media":0,"parent":18,"menu_order":2,"comment_status":"closed","ping_status":"closed","template":"","meta":{"footnotes":""},"class_list":["post-899","page","type-page","status-publish","hentry"],"_links":{"self":[{"href":"https:\/\/abenteuer-siedeln.de\/blog\/wp-json\/wp\/v2\/pages\/899","targetHints":{"allow":["GET"]}}],"collection":[{"href":"https:\/\/abenteuer-siedeln.de\/blog\/wp-json\/wp\/v2\/pages"}],"about":[{"href":"https:\/\/abenteuer-siedeln.de\/blog\/wp-json\/wp\/v2\/types\/page"}],"author":[{"embeddable":true,"href":"https:\/\/abenteuer-siedeln.de\/blog\/wp-json\/wp\/v2\/users\/1"}],"replies":[{"embeddable":true,"href":"https:\/\/abenteuer-siedeln.de\/blog\/wp-json\/wp\/v2\/comments?post=899"}],"version-history":[{"count":54,"href":"https:\/\/abenteuer-siedeln.de\/blog\/wp-json\/wp\/v2\/pages\/899\/revisions"}],"predecessor-version":[{"id":4210,"href":"https:\/\/abenteuer-siedeln.de\/blog\/wp-json\/wp\/v2\/pages\/899\/revisions\/4210"}],"up":[{"embeddable":true,"href":"https:\/\/abenteuer-siedeln.de\/blog\/wp-json\/wp\/v2\/pages\/18"}],"wp:attachment":[{"href":"https:\/\/abenteuer-siedeln.de\/blog\/wp-json\/wp\/v2\/media?parent=899"}],"curies":[{"name":"wp","href":"https:\/\/api.w.org\/{rel}","templated":true}]}}