{"id":901,"date":"2013-06-26T12:53:15","date_gmt":"2013-06-26T10:53:15","guid":{"rendered":"http:\/\/abenteuer-siedeln.de\/blog\/?page_id=901"},"modified":"2016-04-09T19:53:19","modified_gmt":"2016-04-09T17:53:19","slug":"ehrenamtspreis","status":"publish","type":"page","link":"https:\/\/abenteuer-siedeln.de\/blog\/uber-abenteuer-siedeln\/ehrenamtspreis\/","title":{"rendered":"Ehrenamtspreis"},"content":{"rendered":"<p><strong>Bundesf\u00f6rderpreis Ehrenamt <img loading=\"lazy\" decoding=\"async\" class=\"alignright size-full wp-image-1045\" src=\"http:\/\/abenteuer-siedeln.de\/blog\/wp-content\/uploads\/2013\/06\/Ehrenamtspreis.jpg\" alt=\"Ehrenamtspreis\" width=\"173\" height=\"79\" \/><br \/>\n<\/strong><\/p>\n<p>Abenteuer Siedeln hat den dritten Preis f\u00fcr \u201eHerausragende Leistungen zur F\u00f6rderung des Ehrenamts im Bev\u00f6lkerungsschutz\u201c vom Bundesinnenminister Dr. Thomas de Maizi\u00e8re \u00fcberreicht bekommen. Die Preisverleihung fand im Roten Rathaus in Berlin statt.<br \/>\nErstmalig w\u00fcrdigte damit das Bundesministerium des Inneren herausragende Leistungen des Ehrenamtes im Bev\u00f6lkerungsschutz. Der Preis soll j\u00e4hrlich, jeweils am 05. Dezember, dem Internationalen Tag des Ehrenamtes, verliehen werden. Unser Innenminister lobte bereits am Anfang der Veranstaltung unsere ausschlie\u00dflich von Ehrenamtlichen organisierte Aktion.<br \/>\n<a title=\"Rede von Thomas de Maizi\u00e8re\" href=\"http:\/\/www.bmi.bund.de\/cln_156\/SharedDocs\/Reden\/DE\/2009\/12\/ehrenamt.html?nn=303936\" target=\"_blank\">Die Rede von Dr.Thomas de Maizi\u00e8re findet ihr auf der Seite des Innenministeriums.<\/a><\/p>\n<p>Mehr Infos zu dem Preis gibt&#8217;s in der Presseinfo: <a href=\"http:\/\/abenteuer-siedeln.de\/blog\/wp-content\/uploads\/2013\/06\/pm-frderpreis-ea-08.pdf\">Download (PDF \/ 25kb)<\/a><\/p>\n<p><a href=\"http:\/\/abenteuer-siedeln.de\/blog\/wp-content\/uploads\/2013\/06\/ehrenamtpreis-fr-abenteuer-siedeln-foto-drk-05-12-09-klein.jpg\"><img loading=\"lazy\" decoding=\"async\" class=\"alignleft size-full wp-image-903\" src=\"http:\/\/abenteuer-siedeln.de\/blog\/wp-content\/uploads\/2013\/06\/ehrenamtpreis-fr-abenteuer-siedeln-foto-drk-05-12-09-klein.jpg\" alt=\"ehrenamtpreis-fr-abenteuer-siedeln-foto-drk-05-12-09-klein\" width=\"800\" height=\"502\" srcset=\"https:\/\/abenteuer-siedeln.de\/blog\/wp-content\/uploads\/2013\/06\/ehrenamtpreis-fr-abenteuer-siedeln-foto-drk-05-12-09-klein.jpg 800w, https:\/\/abenteuer-siedeln.de\/blog\/wp-content\/uploads\/2013\/06\/ehrenamtpreis-fr-abenteuer-siedeln-foto-drk-05-12-09-klein-300x188.jpg 300w\" sizes=\"auto, (max-width: 800px) 100vw, 800px\" \/><\/a><\/p>\n<p>von links nach rechts: Bastian Martin und Alfons Sailer (Projektleitung), Bundesinnenminister Dr. Thomas de Maizi\u00e8re, Eckhard Otte (DRK-Generalsekretariat), Christine Kratzer-Haugg (stv. Vorsitzende des BRK-Bezirksverbandes Schwaben), Christian Rzepka (Projektleitung), Dr. Karl Demmer (DRK-Pr\u00e4sidiumsmitglied)<\/p>\n","protected":false},"excerpt":{"rendered":"<p>Bundesf\u00f6rderpreis Ehrenamt Abenteuer Siedeln hat den dritten Preis f\u00fcr \u201eHerausragende Leistungen zur F\u00f6rderung des Ehrenamts im Bev\u00f6lkerungsschutz\u201c vom Bundesinnenminister Dr. Thomas de Maizi\u00e8re \u00fcberreicht bekommen. Die Preisverleihung fand im Roten Rathaus in Berlin statt. Erstmalig w\u00fcrdigte damit das Bundesministerium des&hellip; <\/p>\n","protected":false},"author":1,"featured_media":0,"parent":18,"menu_order":3,"comment_status":"closed","ping_status":"closed","template":"","meta":{"footnotes":""},"class_list":["post-901","page","type-page","status-publish","hentry"],"_links":{"self":[{"href":"https:\/\/abenteuer-siedeln.de\/blog\/wp-json\/wp\/v2\/pages\/901","targetHints":{"allow":["GET"]}}],"collection":[{"href":"https:\/\/abenteuer-siedeln.de\/blog\/wp-json\/wp\/v2\/pages"}],"about":[{"href":"https:\/\/abenteuer-siedeln.de\/blog\/wp-json\/wp\/v2\/types\/page"}],"author":[{"embeddable":true,"href":"https:\/\/abenteuer-siedeln.de\/blog\/wp-json\/wp\/v2\/users\/1"}],"replies":[{"embeddable":true,"href":"https:\/\/abenteuer-siedeln.de\/blog\/wp-json\/wp\/v2\/comments?post=901"}],"version-history":[{"count":15,"href":"https:\/\/abenteuer-siedeln.de\/blog\/wp-json\/wp\/v2\/pages\/901\/revisions"}],"predecessor-version":[{"id":1917,"href":"https:\/\/abenteuer-siedeln.de\/blog\/wp-json\/wp\/v2\/pages\/901\/revisions\/1917"}],"up":[{"embeddable":true,"href":"https:\/\/abenteuer-siedeln.de\/blog\/wp-json\/wp\/v2\/pages\/18"}],"wp:attachment":[{"href":"https:\/\/abenteuer-siedeln.de\/blog\/wp-json\/wp\/v2\/media?parent=901"}],"curies":[{"name":"wp","href":"https:\/\/api.w.org\/{rel}","templated":true}]}}